{"id":127,"date":"2018-08-21T15:26:16","date_gmt":"2018-08-21T13:26:16","guid":{"rendered":"http:\/\/www.msr-electronic.lo\/?page_id=127"},"modified":"2022-08-08T15:24:36","modified_gmt":"2022-08-08T13:24:36","slug":"outdoor","status":"publish","type":"page","link":"https:\/\/staging.msr-traffic.de\/en\/outdoor\/","title":{"rendered":"Outdoor"},"content":{"rendered":"<div id=\"pl-127\"  class=\"panel-layout\" ><div id=\"pg-127-0\"  class=\"panel-grid panel-no-style\" ><div id=\"pgc-127-0-0\"  class=\"panel-grid-cell\" ><div id=\"panel-127-0-0-0\" class=\"widget_text so-panel widget widget_custom_html panel-first-child panel-last-child\" data-index=\"0\" ><div class=\"textwidget custom-html-widget\">\n<div class=\"solution-slider-wrapper\">\n    <div class=\"swiper-container solution-slider\">\n        <div class=\"swiper-wrapper\">\n            Es wurden keinen Solutions gefunden        <\/div>\n    <\/div>\n    <div class=\"swiper-button-next\"><\/div>\n    <div class=\"swiper-button-prev\"><\/div>\n    <div class=\"swiper-pagination\"><\/div>    \n<\/div>\n\n\n   <\/div><\/div><\/div><\/div><div id=\"pg-127-1\"  class=\"panel-grid panel-has-style\" ><div class=\"streched inverted panel-row-style panel-row-style-for-127-1\" ><div id=\"pgc-127-1-0\"  class=\"panel-grid-cell\" ><div id=\"panel-127-1-0-0\" class=\"widget_text so-panel widget widget_custom_html panel-first-child panel-last-child\" data-index=\"1\" ><div class=\"textwidget custom-html-widget\"><h2 style=\"text-align: center\">The MSR-Traffic online catalogue.<\/h2>\n<p style=\"text-align: center\"><\/p>\n<p style=\"text-align: center\"><a class=\"btn download_catalog\" href=\"https:\/\/www.msr-traffic.de\/en\/catalog\" target=\"_blank\" rel=\"noopener\">To the catalogue<\/a><\/p><\/div><\/div><\/div><\/div><\/div><\/div>","protected":false},"excerpt":{"rendered":"<p>Es wurden keinen Solutions gefunden The MSR-Traffic online catalogue. To the catalogue<\/p>\n","protected":false},"author":1,"featured_media":0,"parent":0,"menu_order":0,"comment_status":"closed","ping_status":"closed","template":"page-solutions.php","meta":{"footnotes":""},"yoast_head":"<!-- This site is optimized with the Yoast SEO Premium plugin v19.3 (Yoast SEO v22.9) - https:\/\/yoast.com\/wordpress\/plugins\/seo\/ -->\n<title>MSR-Traffic Intelligente Parkleit- und Verkehrssysteme im Au\u00dfenbereich<\/title>\n<meta name=\"description\" content=\"MSR-Traffic bietet innovative Parkl\u00f6sungen mit detektionsgenauer Magnetfeldsensor-Technologie f\u00fcr den Au\u00dfenbereich an.\" \/>\n<meta name=\"robots\" content=\"noindex, follow, max-snippet:-1, max-image-preview:large, max-video-preview:-1\" \/>\n<meta property=\"og:locale\" content=\"en_US\" \/>\n<meta property=\"og:type\" content=\"article\" \/>\n<meta property=\"og:title\" content=\"Outdoor\" \/>\n<meta property=\"og:description\" content=\"MSR-Traffic bietet innovative Parkl\u00f6sungen mit detektionsgenauer Magnetfeldsensor-Technologie f\u00fcr den Au\u00dfenbereich an.\" \/>\n<meta property=\"og:url\" content=\"https:\/\/staging.msr-traffic.de\/en\/outdoor\/\" \/>\n<meta property=\"og:site_name\" content=\"MSR Traffic GmbH\" \/>\n<meta property=\"article:modified_time\" content=\"2022-08-08T13:24:36+00:00\" \/>\n<meta name=\"twitter:card\" content=\"summary_large_image\" \/>\n<meta name=\"twitter:label1\" content=\"Est. reading time\" \/>\n\t<meta name=\"twitter:data1\" content=\"1 minute\" \/>\n<script type=\"application\/ld+json\" class=\"yoast-schema-graph\">{\"@context\":\"https:\/\/schema.org\",\"@graph\":[{\"@type\":\"WebPage\",\"@id\":\"https:\/\/staging.msr-traffic.de\/en\/outdoor\/\",\"url\":\"https:\/\/staging.msr-traffic.de\/en\/outdoor\/\",\"name\":\"MSR-Traffic Intelligente Parkleit- und Verkehrssysteme im Au\u00dfenbereich\",\"isPartOf\":{\"@id\":\"https:\/\/staging.msr-traffic.de\/en\/#website\"},\"datePublished\":\"2018-08-21T13:26:16+00:00\",\"dateModified\":\"2022-08-08T13:24:36+00:00\",\"description\":\"MSR-Traffic bietet innovative Parkl\u00f6sungen mit detektionsgenauer Magnetfeldsensor-Technologie f\u00fcr den Au\u00dfenbereich an.\",\"breadcrumb\":{\"@id\":\"https:\/\/staging.msr-traffic.de\/en\/outdoor\/#breadcrumb\"},\"inLanguage\":\"en-US\",\"potentialAction\":[{\"@type\":\"ReadAction\",\"target\":[\"https:\/\/staging.msr-traffic.de\/en\/outdoor\/\"]}]},{\"@type\":\"BreadcrumbList\",\"@id\":\"https:\/\/staging.msr-traffic.de\/en\/outdoor\/#breadcrumb\",\"itemListElement\":[{\"@type\":\"ListItem\",\"position\":1,\"name\":\"Home\",\"item\":\"https:\/\/staging.msr-traffic.de\/en\/\"},{\"@type\":\"ListItem\",\"position\":2,\"name\":\"Outdoor\"}]},{\"@type\":\"WebSite\",\"@id\":\"https:\/\/staging.msr-traffic.de\/en\/#website\",\"url\":\"https:\/\/staging.msr-traffic.de\/en\/\",\"name\":\"MSR Traffic GmbH\",\"description\":\"Perfect Solutions for &lt;span class=&quot;is--green&quot;&gt;Traffic&lt;\/span&gt; Systems\",\"publisher\":{\"@id\":\"https:\/\/staging.msr-traffic.de\/en\/#organization\"},\"potentialAction\":[{\"@type\":\"SearchAction\",\"target\":{\"@type\":\"EntryPoint\",\"urlTemplate\":\"https:\/\/staging.msr-traffic.de\/en\/?s={search_term_string}\"},\"query-input\":\"required name=search_term_string\"}],\"inLanguage\":\"en-US\"},{\"@type\":\"Organization\",\"@id\":\"https:\/\/staging.msr-traffic.de\/en\/#organization\",\"name\":\"MSR Traffic GmbH\",\"url\":\"https:\/\/staging.msr-traffic.de\/en\/\",\"logo\":{\"@type\":\"ImageObject\",\"inLanguage\":\"en-US\",\"@id\":\"https:\/\/staging.msr-traffic.de\/en\/#\/schema\/logo\/image\/\",\"url\":\"https:\/\/staging.msr-traffic.de\/wp-content\/uploads\/sites\/4\/2018\/09\/msr_traffic_logo.svg\",\"contentUrl\":\"https:\/\/staging.msr-traffic.de\/wp-content\/uploads\/sites\/4\/2018\/09\/msr_traffic_logo.svg\",\"caption\":\"MSR Traffic GmbH\"},\"image\":{\"@id\":\"https:\/\/staging.msr-traffic.de\/en\/#\/schema\/logo\/image\/\"}}]}<\/script>\n<!-- \/ Yoast SEO Premium plugin. -->","yoast_head_json":{"title":"MSR-Traffic Intelligente Parkleit- und Verkehrssysteme im Au\u00dfenbereich","description":"MSR-Traffic bietet innovative Parkl\u00f6sungen mit detektionsgenauer Magnetfeldsensor-Technologie f\u00fcr den Au\u00dfenbereich an.","robots":{"index":"noindex","follow":"follow","max-snippet":"max-snippet:-1","max-image-preview":"max-image-preview:large","max-video-preview":"max-video-preview:-1"},"og_locale":"en_US","og_type":"article","og_title":"Outdoor","og_description":"MSR-Traffic bietet innovative Parkl\u00f6sungen mit detektionsgenauer Magnetfeldsensor-Technologie f\u00fcr den Au\u00dfenbereich an.","og_url":"https:\/\/staging.msr-traffic.de\/en\/outdoor\/","og_site_name":"MSR Traffic GmbH","article_modified_time":"2022-08-08T13:24:36+00:00","twitter_card":"summary_large_image","twitter_misc":{"Est. reading time":"1 minute"},"schema":{"@context":"https:\/\/schema.org","@graph":[{"@type":"WebPage","@id":"https:\/\/staging.msr-traffic.de\/en\/outdoor\/","url":"https:\/\/staging.msr-traffic.de\/en\/outdoor\/","name":"MSR-Traffic Intelligente Parkleit- und Verkehrssysteme im Au\u00dfenbereich","isPartOf":{"@id":"https:\/\/staging.msr-traffic.de\/en\/#website"},"datePublished":"2018-08-21T13:26:16+00:00","dateModified":"2022-08-08T13:24:36+00:00","description":"MSR-Traffic bietet innovative Parkl\u00f6sungen mit detektionsgenauer Magnetfeldsensor-Technologie f\u00fcr den Au\u00dfenbereich an.","breadcrumb":{"@id":"https:\/\/staging.msr-traffic.de\/en\/outdoor\/#breadcrumb"},"inLanguage":"en-US","potentialAction":[{"@type":"ReadAction","target":["https:\/\/staging.msr-traffic.de\/en\/outdoor\/"]}]},{"@type":"BreadcrumbList","@id":"https:\/\/staging.msr-traffic.de\/en\/outdoor\/#breadcrumb","itemListElement":[{"@type":"ListItem","position":1,"name":"Home","item":"https:\/\/staging.msr-traffic.de\/en\/"},{"@type":"ListItem","position":2,"name":"Outdoor"}]},{"@type":"WebSite","@id":"https:\/\/staging.msr-traffic.de\/en\/#website","url":"https:\/\/staging.msr-traffic.de\/en\/","name":"MSR Traffic GmbH","description":"Perfect Solutions for &lt;span class=&quot;is--green&quot;&gt;Traffic&lt;\/span&gt; Systems","publisher":{"@id":"https:\/\/staging.msr-traffic.de\/en\/#organization"},"potentialAction":[{"@type":"SearchAction","target":{"@type":"EntryPoint","urlTemplate":"https:\/\/staging.msr-traffic.de\/en\/?s={search_term_string}"},"query-input":"required name=search_term_string"}],"inLanguage":"en-US"},{"@type":"Organization","@id":"https:\/\/staging.msr-traffic.de\/en\/#organization","name":"MSR Traffic GmbH","url":"https:\/\/staging.msr-traffic.de\/en\/","logo":{"@type":"ImageObject","inLanguage":"en-US","@id":"https:\/\/staging.msr-traffic.de\/en\/#\/schema\/logo\/image\/","url":"https:\/\/staging.msr-traffic.de\/wp-content\/uploads\/sites\/4\/2018\/09\/msr_traffic_logo.svg","contentUrl":"https:\/\/staging.msr-traffic.de\/wp-content\/uploads\/sites\/4\/2018\/09\/msr_traffic_logo.svg","caption":"MSR Traffic GmbH"},"image":{"@id":"https:\/\/staging.msr-traffic.de\/en\/#\/schema\/logo\/image\/"}}]}},"_links":{"self":[{"href":"https:\/\/staging.msr-traffic.de\/en\/wp-json\/wp\/v2\/pages\/127"}],"collection":[{"href":"https:\/\/staging.msr-traffic.de\/en\/wp-json\/wp\/v2\/pages"}],"about":[{"href":"https:\/\/staging.msr-traffic.de\/en\/wp-json\/wp\/v2\/types\/page"}],"author":[{"embeddable":true,"href":"https:\/\/staging.msr-traffic.de\/en\/wp-json\/wp\/v2\/users\/1"}],"replies":[{"embeddable":true,"href":"https:\/\/staging.msr-traffic.de\/en\/wp-json\/wp\/v2\/comments?post=127"}],"version-history":[{"count":14,"href":"https:\/\/staging.msr-traffic.de\/en\/wp-json\/wp\/v2\/pages\/127\/revisions"}],"predecessor-version":[{"id":3980,"href":"https:\/\/staging.msr-traffic.de\/en\/wp-json\/wp\/v2\/pages\/127\/revisions\/3980"}],"wp:attachment":[{"href":"https:\/\/staging.msr-traffic.de\/en\/wp-json\/wp\/v2\/media?parent=127"}],"curies":[{"name":"wp","href":"https:\/\/api.w.org\/{rel}","templated":true}]}}