{"id":655,"date":"2018-08-21T15:26:57","date_gmt":"2018-08-21T13:26:57","guid":{"rendered":"http:\/\/www.msr-traffic.de.domainpreview.eu\/?page_id=655"},"modified":"2022-08-08T16:53:56","modified_gmt":"2022-08-08T14:53:56","slug":"msr-traffic","status":"publish","type":"page","link":"https:\/\/staging.msr-traffic.de\/en\/msr-traffic\/","title":{"rendered":"The company MSR-Traffic"},"content":{"rendered":"<div id=\"pl-655\"  class=\"panel-layout\" ><div id=\"pg-655-0\"  class=\"panel-grid panel-no-style\" ><div id=\"pgc-655-0-0\"  class=\"panel-grid-cell\" ><div id=\"panel-655-0-0-0\" class=\"so-panel widget widget_sow-editor panel-first-child panel-last-child\" data-index=\"0\" ><div\n\t\t\t\n\t\t\tclass=\"so-widget-sow-editor so-widget-sow-editor-base\"\n\t\t\t\n\t\t>\n<div class=\"siteorigin-widget-tinymce textwidget\">\n\t<h2 style=\"text-align: center;\">The company MSR-Traffic<\/h2>\n<p>&nbsp;<\/p>\n<p style=\"text-align: center;\">We develop and produce reliable traffic and parking guidance systems for <a href=\"https:\/\/www.msr-traffic.de\/en\/indoor\/\">indoor<\/a> and <a href=\"https:\/\/www.msr-traffic.de\/en\/outdoor\/\">outdoor use<\/a>.<\/p>\n<p style=\"text-align: center;\">In addition to the development, production and distribution of intelligent parking guidance systems, we support our customers in planning and installation on site.<\/p>\n<\/div>\n<\/div><\/div><\/div><\/div><div id=\"pg-655-1\"  class=\"panel-grid panel-has-style\" ><div class=\"panel-row-style panel-row-style-for-655-1\" ><div id=\"pgc-655-1-0\"  class=\"panel-grid-cell\" ><div id=\"panel-655-1-0-0\" class=\"so-panel widget widget_sow-editor panel-first-child panel-last-child\" data-index=\"1\" ><div class=\"padded panel-widget-style panel-widget-style-for-655-1-0-0\" ><div\n\t\t\t\n\t\t\tclass=\"so-widget-sow-editor so-widget-sow-editor-base\"\n\t\t\t\n\t\t>\n<div class=\"siteorigin-widget-tinymce textwidget\">\n\t<h2 style=\"text-align: center;\">The management team of MSR-Traffic<\/h2>\n<\/div>\n<\/div><\/div><\/div><\/div><\/div><\/div><div id=\"pg-655-2\"  class=\"panel-grid panel-no-style\" ><div id=\"pgc-655-2-0\"  class=\"panel-grid-cell\" ><div id=\"panel-655-2-0-0\" class=\"so-panel widget widget_sow-image panel-first-child\" data-index=\"2\" ><div\n\t\t\t\n\t\t\tclass=\"so-widget-sow-image so-widget-sow-image-default-8b5b6f678277-655\"\n\t\t\t\n\t\t>\n\n<div class=\"sow-image-container\">\n\t\t<img loading=\"lazy\" decoding=\"async\" src=\"https:\/\/staging.msr-traffic.de\/wp-content\/uploads\/sites\/4\/2022\/05\/msrtraffic-ceos-web.jpg\" width=\"1000\" height=\"667\" srcset=\"https:\/\/staging.msr-traffic.de\/wp-content\/uploads\/sites\/4\/2022\/05\/msrtraffic-ceos-web.jpg 1000w, https:\/\/staging.msr-traffic.de\/wp-content\/uploads\/sites\/4\/2022\/05\/msrtraffic-ceos-web-300x200.jpg 300w, https:\/\/staging.msr-traffic.de\/wp-content\/uploads\/sites\/4\/2022\/05\/msrtraffic-ceos-web-768x512.jpg 768w, https:\/\/staging.msr-traffic.de\/wp-content\/uploads\/sites\/4\/2022\/05\/msrtraffic-ceos-web-272x182.jpg 272w\" sizes=\"(max-width: 1000px) 100vw, 1000px\" alt=\"\" \t\tclass=\"so-widget-image\"\/>\n\t<\/div>\n\n<\/div><\/div><div id=\"panel-655-2-0-1\" class=\"widget_text so-panel widget widget_custom_html panel-last-child\" data-index=\"3\" ><div class=\"textwidget custom-html-widget\"><small>Frank W\u00fcrz and Harald Schmitt<\/small><\/div><\/div><\/div><div id=\"pgc-655-2-1\"  class=\"panel-grid-cell\" ><div id=\"panel-655-2-1-0\" class=\"so-panel widget widget_sow-editor panel-first-child panel-last-child\" data-index=\"4\" ><div\n\t\t\t\n\t\t\tclass=\"so-widget-sow-editor so-widget-sow-editor-base\"\n\t\t\t\n\t\t>\n<div class=\"siteorigin-widget-tinymce textwidget\">\n\t<p>&nbsp;<\/p>\n<p>Harald Schmitt, CEO and owner of the MSR group of companies, is responsible for the overall strategic concept and is committed to our core values. As COO, Frank W\u00fcrz takes care of operational tasks such as sales, production and project management.<\/p>\n<p>As a subsidiary of <a href=\"https:\/\/www.msr-group.eu\/\">MSR-Group<\/a>, we guarantee our customers innovative products and a high level of social responsibility and environmental awareness. Thanks to the integrated management system, we respond to the needs of both our customers and our employees.<\/p>\n<\/div>\n<\/div><\/div><\/div><\/div><div id=\"pg-655-3\"  class=\"panel-grid panel-no-style\" ><div id=\"pgc-655-3-0\"  class=\"panel-grid-cell\" ><div id=\"panel-655-3-0-0\" class=\"so-panel widget widget_sow-editor panel-first-child panel-last-child\" data-index=\"5\" ><div\n\t\t\t\n\t\t\tclass=\"so-widget-sow-editor so-widget-sow-editor-base\"\n\t\t\t\n\t\t>\n<div class=\"siteorigin-widget-tinymce textwidget\">\n\t<h2 style=\"text-align: center;\">The corporate values of MSR-Traffic<\/h2>\n<p>&nbsp;<\/p>\n<\/div>\n<\/div><\/div><\/div><\/div><div id=\"pg-655-4\"  class=\"panel-grid panel-no-style\" ><div id=\"pgc-655-4-0\"  class=\"panel-grid-cell\" ><div class=\"panel-cell-style panel-cell-style-for-655-4-0\" ><div id=\"panel-655-4-0-0\" class=\"so-panel widget widget_feature-widget panel-first-child panel-last-child\" data-index=\"6\" ><div\n\t\t\t\n\t\t\tclass=\"so-widget-feature-widget so-widget-feature-widget-default-d75171398898-655\"\n\t\t\t\n\t\t>\n\n\n\n\n<div class=\"pw-feature-widget\">\n    <div class=\"pw-feature-widget__row\">\n        <div class=\"pw-feature-widget__left\">\n            <div class=\"pw-feature-widget__icon\">\n                <img decoding=\"async\" src=\"https:\/\/staging.msr-traffic.de\/wp-content\/uploads\/sites\/4\/2022\/05\/msrtraffic-innovation.svg\" class=\"attachment-pw-tile size-pw-tile\" alt=\"\" \/>            <\/div>\n        <\/div>\n        <div class=\"pw-feature-widget__right\">\n            <div class=\"pw-feature-widget__content\">\n                <div class=\"pw-feature-widget__title\">\n                Innovation                <\/div>  \n                <div class=\"pw-feature-widget__text\">\n                    <p>We offer innovative sensor technology that enables counting and single-occupancy detection of vehicles indoors and outdoors. In times of Smart Cities and Big Data, we are continuously developing our products.<\/p>\n   \n                <\/div>    \n            <\/div>\n        <\/div>  \n    <\/div>\n \n<\/div><\/div><\/div><\/div><\/div><div id=\"pgc-655-4-1\"  class=\"panel-grid-cell\" ><div id=\"panel-655-4-1-0\" class=\"so-panel widget widget_feature-widget panel-first-child panel-last-child\" data-index=\"7\" ><div\n\t\t\t\n\t\t\tclass=\"so-widget-feature-widget so-widget-feature-widget-default-d75171398898-655\"\n\t\t\t\n\t\t>\n\n\n\n\n<div class=\"pw-feature-widget\">\n    <div class=\"pw-feature-widget__row\">\n        <div class=\"pw-feature-widget__left\">\n            <div class=\"pw-feature-widget__icon\">\n                <img decoding=\"async\" src=\"https:\/\/staging.msr-traffic.de\/wp-content\/uploads\/sites\/4\/2022\/05\/msrtraffic-zuverlaessigkeit-1.svg\" class=\"attachment-pw-tile size-pw-tile\" alt=\"\" \/>            <\/div>\n        <\/div>\n        <div class=\"pw-feature-widget__right\">\n            <div class=\"pw-feature-widget__content\">\n                <div class=\"pw-feature-widget__title\">\n                Reliability                <\/div>  \n                <div class=\"pw-feature-widget__text\">\n                    <p>Not only do our individual parking sensors (such as the U-Spot) have high detection accuracy, but also our complete parking management systems are extremely reliable thanks to our smart ParkGard Control Center software. Our support is also available to our customers at any time.<\/p>\n   \n                <\/div>    \n            <\/div>\n        <\/div>  \n    <\/div>\n \n<\/div><\/div><\/div><\/div><\/div><div id=\"pg-655-5\"  class=\"panel-grid panel-no-style\" ><div id=\"pgc-655-5-0\"  class=\"panel-grid-cell\" ><div class=\"panel-cell-style panel-cell-style-for-655-5-0\" ><div id=\"panel-655-5-0-0\" class=\"so-panel widget widget_feature-widget panel-first-child panel-last-child\" data-index=\"8\" ><div\n\t\t\t\n\t\t\tclass=\"so-widget-feature-widget so-widget-feature-widget-default-d75171398898-655\"\n\t\t\t\n\t\t>\n\n\n\n\n<div class=\"pw-feature-widget\">\n    <div class=\"pw-feature-widget__row\">\n        <div class=\"pw-feature-widget__left\">\n            <div class=\"pw-feature-widget__icon\">\n                <img decoding=\"async\" src=\"https:\/\/staging.msr-traffic.de\/wp-content\/uploads\/sites\/4\/2022\/05\/msrtraffic-quality.svg\" class=\"attachment-pw-tile size-pw-tile\" alt=\"\" \/>            <\/div>\n        <\/div>\n        <div class=\"pw-feature-widget__right\">\n            <div class=\"pw-feature-widget__content\">\n                <div class=\"pw-feature-widget__title\">\n                Quality                <\/div>  \n                <div class=\"pw-feature-widget__text\">\n                    <p>With the <a href=\"https:\/\/www.msr-electronic.de\/2021\/09\/15\/msr-firmengruppe-erweitert-ihre-iso-zertifizierungen-und-sichert-sich-wettbewerbsvorteile\/\"><strong>ISO 9001<\/strong><\/a>- certification (quality management), we have guaranteed our customers for many years, among other things, a well-functioning <strong>risk management<\/strong> as well as transparent and documented process flows. We rely on the continuous <strong>improvement process (CIP)<\/strong> in order to constantly approach the set goals and to be able to constantly optimize all management systems.<\/p>\n   \n                <\/div>    \n            <\/div>\n        <\/div>  \n    <\/div>\n \n<\/div><\/div><\/div><\/div><\/div><div id=\"pgc-655-5-1\"  class=\"panel-grid-cell\" ><div class=\"panel-cell-style panel-cell-style-for-655-5-1\" ><div id=\"panel-655-5-1-0\" class=\"so-panel widget widget_feature-widget panel-first-child panel-last-child\" data-index=\"9\" ><div\n\t\t\t\n\t\t\tclass=\"so-widget-feature-widget so-widget-feature-widget-default-d75171398898-655\"\n\t\t\t\n\t\t>\n\n\n\n\n<div class=\"pw-feature-widget\">\n    <div class=\"pw-feature-widget__row\">\n        <div class=\"pw-feature-widget__left\">\n            <div class=\"pw-feature-widget__icon\">\n                <img decoding=\"async\" src=\"https:\/\/staging.msr-traffic.de\/wp-content\/uploads\/sites\/4\/2022\/05\/msrtraffic-nachhaltigkeit.svg\" class=\"attachment-pw-tile size-pw-tile\" alt=\"\" \/>            <\/div>\n        <\/div>\n        <div class=\"pw-feature-widget__right\">\n            <div class=\"pw-feature-widget__content\">\n                <div class=\"pw-feature-widget__title\">\n                Sustainability                 <\/div>  \n                <div class=\"pw-feature-widget__text\">\n                    <p>With the <strong><a href=\"https:\/\/www.msr-electronic.de\/2021\/09\/15\/msr-firmengruppe-erweitert-ihre-iso-zertifizierungen-und-sichert-sich-wettbewerbsvorteile\/\" target=\"_blank\" rel=\"noopener\">ISO 14001<\/a><\/strong> (environmental management) and <a href=\"https:\/\/www.msr-electronic.de\/2021\/09\/15\/msr-firmengruppe-erweitert-ihre-iso-zertifizierungen-und-sichert-sich-wettbewerbsvorteile\/\" target=\"_blank\" rel=\"noopener\"><strong>ISO 50001<\/strong><\/a> (energy management) certifications, we make a conscious commitment to<strong> environmentally<\/strong> <strong>friendly<\/strong> operations and production. This not only optimizes and significantly reduces electricity consumption year after year, but also minimizes the use of plastic in production. Our climate protection and environmental officer actively takes care of our exemplary function.<\/p>\n   \n                <\/div>    \n            <\/div>\n        <\/div>  \n    <\/div>\n \n<\/div><\/div><\/div><\/div><\/div><\/div><div id=\"pg-655-6\"  class=\"panel-grid panel-no-style\" ><div id=\"pgc-655-6-0\"  class=\"panel-grid-cell\" ><div class=\"panel-cell-style panel-cell-style-for-655-6-0\" ><div id=\"panel-655-6-0-0\" class=\"so-panel widget widget_feature-widget panel-first-child panel-last-child\" data-index=\"10\" ><div\n\t\t\t\n\t\t\tclass=\"so-widget-feature-widget so-widget-feature-widget-default-d75171398898-655\"\n\t\t\t\n\t\t>\n\n\n\n\n<div class=\"pw-feature-widget\">\n    <div class=\"pw-feature-widget__row\">\n        <div class=\"pw-feature-widget__left\">\n            <div class=\"pw-feature-widget__icon\">\n                <img decoding=\"async\" src=\"https:\/\/staging.msr-traffic.de\/wp-content\/uploads\/sites\/4\/2022\/05\/msrtraffic-verantwortung.svg\" class=\"attachment-pw-tile size-pw-tile\" alt=\"\" \/>            <\/div>\n        <\/div>\n        <div class=\"pw-feature-widget__right\">\n            <div class=\"pw-feature-widget__content\">\n                <div class=\"pw-feature-widget__title\">\n                Responsibility                 <\/div>  \n                <div class=\"pw-feature-widget__text\">\n                    <p>Supporting children and young people is particularly close to our hearts. In addition to sports clubs and other sporting activities, we also provide financial support to the Intensivkinder sinnvoll helfend e.V., Kinderhilfe Holzland e.V. and the Pockinger Tafel.<\/p>\n   \n                <\/div>    \n            <\/div>\n        <\/div>  \n    <\/div>\n \n<\/div><\/div><\/div><\/div><\/div><div id=\"pgc-655-6-1\"  class=\"panel-grid-cell\" ><div class=\"panel-cell-style panel-cell-style-for-655-6-1\" ><div id=\"panel-655-6-1-0\" class=\"so-panel widget widget_feature-widget panel-first-child panel-last-child\" data-index=\"11\" ><div\n\t\t\t\n\t\t\tclass=\"so-widget-feature-widget so-widget-feature-widget-default-d75171398898-655\"\n\t\t\t\n\t\t>\n\n\n\n\n<div class=\"pw-feature-widget\">\n    <div class=\"pw-feature-widget__row\">\n        <div class=\"pw-feature-widget__left\">\n            <div class=\"pw-feature-widget__icon\">\n                <img decoding=\"async\" src=\"https:\/\/staging.msr-traffic.de\/wp-content\/uploads\/sites\/4\/2022\/05\/msrtraffic-transparenz.svg\" class=\"attachment-pw-tile size-pw-tile\" alt=\"\" \/>            <\/div>\n        <\/div>\n        <div class=\"pw-feature-widget__right\">\n            <div class=\"pw-feature-widget__content\">\n                <div class=\"pw-feature-widget__title\">\n                Transparency                <\/div>  \n                <div class=\"pw-feature-widget__text\">\n                    <p>MSR is committed to uncompromising integrity and high standards of business conduct. The focus is on an honest and transparent working environment in which all employees can express doubts or concerns without fear of consequences.<\/p>\n   \n                <\/div>    \n            <\/div>\n        <\/div>  \n    <\/div>\n \n<\/div><\/div><\/div><\/div><\/div><\/div><div id=\"pg-655-7\"  class=\"panel-grid panel-no-style\" ><div id=\"pgc-655-7-0\"  class=\"panel-grid-cell\" ><div id=\"panel-655-7-0-0\" class=\"so-panel widget widget_sow-editor panel-first-child\" data-index=\"12\" ><div\n\t\t\t\n\t\t\tclass=\"so-widget-sow-editor so-widget-sow-editor-base\"\n\t\t\t\n\t\t>\n<div class=\"siteorigin-widget-tinymce textwidget\">\n\t<\/div>\n<\/div><\/div><div id=\"panel-655-7-0-1\" class=\"widget_text so-panel widget widget_custom_html panel-last-child\" data-index=\"13\" ><div class=\"widget_text streched inverted panel-widget-style panel-widget-style-for-655-7-0-1\" ><div class=\"textwidget custom-html-widget\"><h2 style=\"text-align: center\">The MSR-Traffic online catalogue<\/h2>\n<p style=\"text-align: center\"><\/p>\n<p style=\"text-align: center\"><a class=\"btn download_catalog\" href=\"\/katalog\" target=\"_blank\" rel=\"noopener\">To the catalogue<\/a><\/p><\/div><\/div><\/div><\/div><\/div><\/div>","protected":false},"excerpt":{"rendered":"<p>The company MSR-Traffic &nbsp; We develop and produce reliable traffic and parking guidance systems for indoor and outdoor use. In addition to the development, production and distribution of intelligent parking [&hellip;]<\/p>\n","protected":false},"author":1,"featured_media":0,"parent":0,"menu_order":0,"comment_status":"closed","ping_status":"closed","template":"","meta":{"footnotes":""},"yoast_head":"<!-- This site is optimized with the Yoast SEO Premium plugin v19.3 (Yoast SEO v22.9) - https:\/\/yoast.com\/wordpress\/plugins\/seo\/ -->\n<title>MSR-Traffic GmbH steht f\u00fcr Innovation, Qualit\u00e4t und Zuverl\u00e4ssigkeit<\/title>\n<meta name=\"description\" content=\"Die weltweit agierende MSR-Traffic GmbH entwickelt und produziert zuverl\u00e4ssige Parkleitsysteme f\u00fcr den Innen- und Au\u00dfenbereich.\" \/>\n<meta name=\"robots\" content=\"noindex, follow, max-snippet:-1, max-image-preview:large, max-video-preview:-1\" \/>\n<meta property=\"og:locale\" content=\"en_US\" \/>\n<meta property=\"og:type\" content=\"article\" \/>\n<meta property=\"og:title\" content=\"The company MSR-Traffic\" \/>\n<meta property=\"og:description\" content=\"Die weltweit agierende MSR-Traffic GmbH entwickelt und produziert zuverl\u00e4ssige Parkleitsysteme f\u00fcr den Innen- und Au\u00dfenbereich.\" \/>\n<meta property=\"og:url\" content=\"https:\/\/staging.msr-traffic.de\/en\/msr-traffic\/\" \/>\n<meta property=\"og:site_name\" content=\"MSR Traffic GmbH\" \/>\n<meta property=\"article:modified_time\" content=\"2022-08-08T14:53:56+00:00\" \/>\n<meta name=\"twitter:card\" content=\"summary_large_image\" \/>\n<meta name=\"twitter:label1\" content=\"Est. reading time\" \/>\n\t<meta name=\"twitter:data1\" content=\"1 minute\" \/>\n<script type=\"application\/ld+json\" class=\"yoast-schema-graph\">{\"@context\":\"https:\/\/schema.org\",\"@graph\":[{\"@type\":\"WebPage\",\"@id\":\"https:\/\/staging.msr-traffic.de\/en\/msr-traffic\/\",\"url\":\"https:\/\/staging.msr-traffic.de\/en\/msr-traffic\/\",\"name\":\"MSR-Traffic GmbH steht f\u00fcr Innovation, Qualit\u00e4t und Zuverl\u00e4ssigkeit\",\"isPartOf\":{\"@id\":\"https:\/\/staging.msr-traffic.de\/en\/#website\"},\"datePublished\":\"2018-08-21T13:26:57+00:00\",\"dateModified\":\"2022-08-08T14:53:56+00:00\",\"description\":\"Die weltweit agierende MSR-Traffic GmbH entwickelt und produziert zuverl\u00e4ssige Parkleitsysteme f\u00fcr den Innen- und Au\u00dfenbereich.\",\"breadcrumb\":{\"@id\":\"https:\/\/staging.msr-traffic.de\/en\/msr-traffic\/#breadcrumb\"},\"inLanguage\":\"en-US\",\"potentialAction\":[{\"@type\":\"ReadAction\",\"target\":[\"https:\/\/staging.msr-traffic.de\/en\/msr-traffic\/\"]}]},{\"@type\":\"BreadcrumbList\",\"@id\":\"https:\/\/staging.msr-traffic.de\/en\/msr-traffic\/#breadcrumb\",\"itemListElement\":[{\"@type\":\"ListItem\",\"position\":1,\"name\":\"Home\",\"item\":\"https:\/\/staging.msr-traffic.de\/en\/\"},{\"@type\":\"ListItem\",\"position\":2,\"name\":\"The company MSR-Traffic\"}]},{\"@type\":\"WebSite\",\"@id\":\"https:\/\/staging.msr-traffic.de\/en\/#website\",\"url\":\"https:\/\/staging.msr-traffic.de\/en\/\",\"name\":\"MSR Traffic GmbH\",\"description\":\"Perfect Solutions for &lt;span class=&quot;is--green&quot;&gt;Traffic&lt;\/span&gt; Systems\",\"publisher\":{\"@id\":\"https:\/\/staging.msr-traffic.de\/en\/#organization\"},\"potentialAction\":[{\"@type\":\"SearchAction\",\"target\":{\"@type\":\"EntryPoint\",\"urlTemplate\":\"https:\/\/staging.msr-traffic.de\/en\/?s={search_term_string}\"},\"query-input\":\"required name=search_term_string\"}],\"inLanguage\":\"en-US\"},{\"@type\":\"Organization\",\"@id\":\"https:\/\/staging.msr-traffic.de\/en\/#organization\",\"name\":\"MSR Traffic GmbH\",\"url\":\"https:\/\/staging.msr-traffic.de\/en\/\",\"logo\":{\"@type\":\"ImageObject\",\"inLanguage\":\"en-US\",\"@id\":\"https:\/\/staging.msr-traffic.de\/en\/#\/schema\/logo\/image\/\",\"url\":\"https:\/\/staging.msr-traffic.de\/wp-content\/uploads\/sites\/4\/2018\/09\/msr_traffic_logo.svg\",\"contentUrl\":\"https:\/\/staging.msr-traffic.de\/wp-content\/uploads\/sites\/4\/2018\/09\/msr_traffic_logo.svg\",\"caption\":\"MSR Traffic GmbH\"},\"image\":{\"@id\":\"https:\/\/staging.msr-traffic.de\/en\/#\/schema\/logo\/image\/\"}}]}<\/script>\n<!-- \/ Yoast SEO Premium plugin. -->","yoast_head_json":{"title":"MSR-Traffic GmbH steht f\u00fcr Innovation, Qualit\u00e4t und Zuverl\u00e4ssigkeit","description":"Die weltweit agierende MSR-Traffic GmbH entwickelt und produziert zuverl\u00e4ssige Parkleitsysteme f\u00fcr den Innen- und Au\u00dfenbereich.","robots":{"index":"noindex","follow":"follow","max-snippet":"max-snippet:-1","max-image-preview":"max-image-preview:large","max-video-preview":"max-video-preview:-1"},"og_locale":"en_US","og_type":"article","og_title":"The company MSR-Traffic","og_description":"Die weltweit agierende MSR-Traffic GmbH entwickelt und produziert zuverl\u00e4ssige Parkleitsysteme f\u00fcr den Innen- und Au\u00dfenbereich.","og_url":"https:\/\/staging.msr-traffic.de\/en\/msr-traffic\/","og_site_name":"MSR Traffic GmbH","article_modified_time":"2022-08-08T14:53:56+00:00","twitter_card":"summary_large_image","twitter_misc":{"Est. reading time":"1 minute"},"schema":{"@context":"https:\/\/schema.org","@graph":[{"@type":"WebPage","@id":"https:\/\/staging.msr-traffic.de\/en\/msr-traffic\/","url":"https:\/\/staging.msr-traffic.de\/en\/msr-traffic\/","name":"MSR-Traffic GmbH steht f\u00fcr Innovation, Qualit\u00e4t und Zuverl\u00e4ssigkeit","isPartOf":{"@id":"https:\/\/staging.msr-traffic.de\/en\/#website"},"datePublished":"2018-08-21T13:26:57+00:00","dateModified":"2022-08-08T14:53:56+00:00","description":"Die weltweit agierende MSR-Traffic GmbH entwickelt und produziert zuverl\u00e4ssige Parkleitsysteme f\u00fcr den Innen- und Au\u00dfenbereich.","breadcrumb":{"@id":"https:\/\/staging.msr-traffic.de\/en\/msr-traffic\/#breadcrumb"},"inLanguage":"en-US","potentialAction":[{"@type":"ReadAction","target":["https:\/\/staging.msr-traffic.de\/en\/msr-traffic\/"]}]},{"@type":"BreadcrumbList","@id":"https:\/\/staging.msr-traffic.de\/en\/msr-traffic\/#breadcrumb","itemListElement":[{"@type":"ListItem","position":1,"name":"Home","item":"https:\/\/staging.msr-traffic.de\/en\/"},{"@type":"ListItem","position":2,"name":"The company MSR-Traffic"}]},{"@type":"WebSite","@id":"https:\/\/staging.msr-traffic.de\/en\/#website","url":"https:\/\/staging.msr-traffic.de\/en\/","name":"MSR Traffic GmbH","description":"Perfect Solutions for &lt;span class=&quot;is--green&quot;&gt;Traffic&lt;\/span&gt; Systems","publisher":{"@id":"https:\/\/staging.msr-traffic.de\/en\/#organization"},"potentialAction":[{"@type":"SearchAction","target":{"@type":"EntryPoint","urlTemplate":"https:\/\/staging.msr-traffic.de\/en\/?s={search_term_string}"},"query-input":"required name=search_term_string"}],"inLanguage":"en-US"},{"@type":"Organization","@id":"https:\/\/staging.msr-traffic.de\/en\/#organization","name":"MSR Traffic GmbH","url":"https:\/\/staging.msr-traffic.de\/en\/","logo":{"@type":"ImageObject","inLanguage":"en-US","@id":"https:\/\/staging.msr-traffic.de\/en\/#\/schema\/logo\/image\/","url":"https:\/\/staging.msr-traffic.de\/wp-content\/uploads\/sites\/4\/2018\/09\/msr_traffic_logo.svg","contentUrl":"https:\/\/staging.msr-traffic.de\/wp-content\/uploads\/sites\/4\/2018\/09\/msr_traffic_logo.svg","caption":"MSR Traffic GmbH"},"image":{"@id":"https:\/\/staging.msr-traffic.de\/en\/#\/schema\/logo\/image\/"}}]}},"_links":{"self":[{"href":"https:\/\/staging.msr-traffic.de\/en\/wp-json\/wp\/v2\/pages\/655"}],"collection":[{"href":"https:\/\/staging.msr-traffic.de\/en\/wp-json\/wp\/v2\/pages"}],"about":[{"href":"https:\/\/staging.msr-traffic.de\/en\/wp-json\/wp\/v2\/types\/page"}],"author":[{"embeddable":true,"href":"https:\/\/staging.msr-traffic.de\/en\/wp-json\/wp\/v2\/users\/1"}],"replies":[{"embeddable":true,"href":"https:\/\/staging.msr-traffic.de\/en\/wp-json\/wp\/v2\/comments?post=655"}],"version-history":[{"count":14,"href":"https:\/\/staging.msr-traffic.de\/en\/wp-json\/wp\/v2\/pages\/655\/revisions"}],"predecessor-version":[{"id":3944,"href":"https:\/\/staging.msr-traffic.de\/en\/wp-json\/wp\/v2\/pages\/655\/revisions\/3944"}],"wp:attachment":[{"href":"https:\/\/staging.msr-traffic.de\/en\/wp-json\/wp\/v2\/media?parent=655"}],"curies":[{"name":"wp","href":"https:\/\/api.w.org\/{rel}","templated":true}]}}